{"id":129,"date":"2024-11-07T15:21:13","date_gmt":"2024-11-07T15:21:13","guid":{"rendered":"https:\/\/employax.com\/?page_id=129"},"modified":"2025-11-21T09:27:18","modified_gmt":"2025-11-21T09:27:18","slug":"cookie-policy","status":"publish","type":"page","link":"https:\/\/employax.com\/it\/cookie-policy\/","title":{"rendered":"Informativa sui cookie"},"content":{"rendered":"<h2 class=\"wp-block-heading\">Introduzione<\/h2><p>La presente Informativa sui cookie spiega come TALENTCRAFTERS LIMITED, con sede legale al 2nd Floor College House, 17 King Edwards Road, Ruislip, Londra, Regno Unito, HA4 7AE e numero di registrazione 16005598 (denominata \"noi\", \"ci\" o \"nostro\"), utilizza i cookie e tecnologie simili sul proprio sito web. Continuando a utilizzare il nostro sito, acconsentite all'utilizzo dei cookie da parte nostra, come indicato nella presente informativa. Vi invitiamo a leggere attentamente questo documento per capire come raccogliamo, utilizziamo e gestiamo i cookie.<\/p><h2 class=\"wp-block-heading\">Cosa sono i cookie?<\/h2><p>I cookie sono piccoli file di testo che i siti web memorizzano sul dispositivo dell'utente (ad esempio un computer, uno smartphone o un tablet) quando questi li visita. Svolgono varie funzioni, tra cui il riconoscimento del dispositivo, la memorizzazione delle preferenze e il miglioramento dell'esperienza dell'utente.<\/p><h2 class=\"wp-block-heading\">Tipi di cookie<\/h2><ul class=\"wp-block-list\"><li><strong>Biscotti essenziali<\/strong><\/li><\/ul><p>I cookie essenziali sono parte integrante del corretto funzionamento del nostro sito web. Consentono funzioni di base come la navigazione delle pagine e l'accesso alle aree protette. Alcuni servizi richiesti dall'utente, come l'accesso alle aree protette, non possono essere forniti senza questi cookie.<\/p><ul class=\"wp-block-list\"><li><strong>Cookie funzionali<\/strong><\/li><\/ul><p>I cookie funzionali consentono al nostro sito web di ricordare le scelte dell'utente e di fornire funzionalit\u00e0 avanzate e personalizzate. Possono personalizzare le dimensioni del testo, i caratteri e altri elementi in modo da allinearsi alle vostre preferenze, migliorando la vostra esperienza di navigazione complessiva.<\/p><ul class=\"wp-block-list\"><li><strong>Cookie analitici<\/strong><\/li><\/ul><p>I cookie analitici ci aiutano a capire come i visitatori interagiscono con il nostro sito web raccogliendo e riportando informazioni in forma anonima. Questi dati ci permettono di identificare le tendenze, ottimizzare le prestazioni del sito e migliorare l'esperienza degli utenti.<\/p><ul class=\"wp-block-list\"><li><strong>Cookie pubblicitari<\/strong><\/li><\/ul><p>I cookie pubblicitari forniscono annunci pubblicitari personalizzati in base agli interessi e alle preferenze dell'utente. Inoltre, aiutano a limitare la frequenza degli annunci visualizzati e a misurare l'efficacia delle campagne pubblicitarie. Le reti pubblicitarie di solito inseriscono questi cookie con il consenso dell'operatore del sito web.<\/p><ul class=\"wp-block-list\"><li><strong>Cookie per i social media<\/strong><\/li><\/ul><p>I cookie dei social media sono impostati dai servizi di social media integrati nel nostro sito web. Questi cookie consentono di condividere i nostri contenuti con le vostre reti. Questi cookie possono anche tracciare l'attivit\u00e0 del vostro browser su altri siti per creare un profilo dei vostri interessi e personalizzare i contenuti che vedete.<\/p><ul class=\"wp-block-list\"><li><strong>Cookie di sessione<\/strong><\/li><\/ul><p>I cookie di sessione sono temporanei e possono essere cancellati dal dispositivo dopo la navigazione. Sono essenziali affinch\u00e9 il nostro sito web funzioni in modo efficiente e mantenga la sicurezza durante la vostra visita.<\/p><ul class=\"wp-block-list\"><li><strong>Cookie persistenti<\/strong><\/li><\/ul><p>I cookie persistenti rimangono sul dispositivo dell'utente per una durata specifica e vengono riattivati ogni volta che si visita il sito web che li ha inseriti. Servono a vari scopi, ad esempio a ricordare le credenziali di accesso o le preferenze dell'utente.<\/p><p>Si noti che il blocco di alcuni cookie pu\u00f2 influire sulla vostra esperienza sul nostro sito web. \u00c8 possibile gestire le preferenze relative ai cookie attraverso le impostazioni del browser.<\/p><h2 class=\"wp-block-heading\">Segnali DNT (Do Not Track)<\/h2><p>Il \"Do Not Track\" \u00e8 una funzione del browser che consente agli utenti di rinunciare al tracciamento dei siti web, comprese le analisi e la pubblicit\u00e0. Sebbene il DNT sia una preferenza dell'utente, la sua efficacia dipende dalle risposte del sito web.<\/p><h2 class=\"wp-block-heading\">Risposta ai segnali DNT<\/h2><p>Employax rispetta i segnali DNT e limita la raccolta dei dati di conseguenza. Quando rileviamo un segnale DNT dal vostro browser, modifichiamo le nostre pratiche di raccolta dati come descritto nella nostra Informativa sulla privacy. Tuttavia, si noti che l'abilitazione del DNT pu\u00f2 influire sulla funzionalit\u00e0 e sulla personalizzazione di alcune parti del nostro sito web.<\/p><p>\u00c8 essenziale esaminare le politiche e i servizi dei singoli siti web per verificare la loro risposta ai segnali DNT, poich\u00e9 i servizi di terze parti possono avere politiche diverse.<\/p><h2 class=\"wp-block-heading\">Come utilizziamo i cookie<\/h2><p>Employax utilizza i cookie per vari scopi:<\/p><ul class=\"wp-block-list\"><li><strong>Biscotti essenziali<\/strong><\/li><\/ul><p>I cookie essenziali facilitano il corretto funzionamento del nostro sito web, consentendo funzioni di base come la navigazione delle pagine e l'invio di moduli.<\/p><ul class=\"wp-block-list\"><li><strong>Cookie analitici\/di prestazione<\/strong><\/li><\/ul><p>I cookie analitici ci aiutano a capire come i visitatori interagiscono con il nostro sito web raccogliendo dati sulle pagine visitate e sui messaggi di errore. Queste informazioni ci permettono di identificare le aree di miglioramento e di migliorare l'esperienza degli utenti.<\/p><ul class=\"wp-block-list\"><li><strong>Cookie di funzionalit\u00e0<\/strong><\/li><\/ul><p>I cookie di funzionalit\u00e0 ricordano le scelte dell'utente (ad esempio le preferenze di lingua) e forniscono funzioni avanzate e personalizzate per migliorare la sua esperienza di navigazione.<\/p><ul class=\"wp-block-list\"><li><strong>Cookie di targeting\/pubblicit\u00e0<\/strong><\/li><\/ul><p>I cookie di targeting forniscono annunci pubblicitari pertinenti ai vostri interessi e misurano l'efficacia delle campagne pubblicitarie. Questi cookie possono limitare il numero di volte in cui viene visualizzato un annuncio e ci aiutano a ottimizzare le nostre attivit\u00e0 di marketing.<\/p><ul class=\"wp-block-list\"><li><strong>Cookie di terze parti<\/strong><\/li><\/ul><p>Employax pu\u00f2 utilizzare servizi di terze parti, come Google Analytics e piattaforme di social media, che possono impiegare cookie. Per ulteriori informazioni su come questi servizi utilizzano i cookie e gestiscono i vostri dati, consultate le loro politiche sulla privacy.<\/p><h2 class=\"wp-block-heading\">Come gestire i cookie<\/h2><p>\u00c8 possibile gestire le preferenze relative ai cookie nelle impostazioni del browser. La maggior parte dei browser consente di bloccare o eliminare i cookie, ma ci\u00f2 pu\u00f2 influire sulla funzionalit\u00e0 del sito web. Per istruzioni sulla gestione dei cookie, consultare la documentazione della guida del browser.<\/p><h2 class=\"wp-block-heading\">Aggiornamenti alla presente Informativa sui cookie<\/h2><p>La presente Informativa sui cookie pu\u00f2 essere aggiornata periodicamente per riflettere le modifiche apportate all'utilizzo dei cookie. Si consiglia di rivedere periodicamente questa politica per rimanere informati sulle nostre pratiche.<\/p><h2 class=\"wp-block-heading\">Contatto<\/h2><p>Per qualsiasi domanda, contattateci:<\/p><ul class=\"wp-block-list\"><li>Via e-mail all'indirizzo <a href=\"mailto:info@employax.com\">info@employax.com<\/a>;<\/li>\n\n<li>Tramite numero di telefono <a href=\"tel:+447366192567\">+447366192567<\/a>;<\/li>\n\n<li>Oppure tramite il modulo di contatto presente sul sito web:&nbsp; <a href=\"http:\/\/employax.com\/it\/contact-info\/\">http:\/\/employax.com\/contact-info<\/a>.<\/li><\/ul>","protected":false},"excerpt":{"rendered":"<p>Introduction This Cookie Policy explains how TALENTCRAFTERS LIMITED, with its registered address at 2nd Floor College House, 17 King Edwards Road, Ruislip, London, United Kingdom, HA4 7AE and registered number 16005598 (referred to as \u201cwe,\u201d \u201cus,\u201d or \u201cour\u201d), uses cookies and similar technologies on our website. By continuing to use our site, you consent to [&hellip;]<\/p>","protected":false},"author":1,"featured_media":0,"parent":0,"menu_order":0,"comment_status":"closed","ping_status":"closed","template":"template-pages\/template-policy.php","meta":{"inline_featured_image":false,"footnotes":""},"class_list":["post-129","page","type-page","status-publish","hentry"],"yoast_head":"<!-- This site is optimized with the Yoast SEO plugin v23.8 - https:\/\/yoast.com\/wordpress\/plugins\/seo\/ -->\n<title>Cookie Policy - employax.com<\/title>\n<meta name=\"robots\" content=\"index, follow, max-snippet:-1, max-image-preview:large, max-video-preview:-1\" \/>\n<link rel=\"canonical\" href=\"https:\/\/employax.com\/it\/cookie-policy\/\" \/>\n<meta property=\"og:locale\" content=\"it_IT\" \/>\n<meta property=\"og:type\" content=\"article\" \/>\n<meta property=\"og:title\" content=\"Cookie Policy - employax.com\" \/>\n<meta property=\"og:description\" content=\"Introduction This Cookie Policy explains how TALENTCRAFTERS LIMITED, with its registered address at 2nd Floor College House, 17 King Edwards Road, Ruislip, London, United Kingdom, HA4 7AE and registered number 16005598 (referred to as \u201cwe,\u201d \u201cus,\u201d or \u201cour\u201d), uses cookies and similar technologies on our website. By continuing to use our site, you consent to [&hellip;]\" \/>\n<meta property=\"og:url\" content=\"https:\/\/employax.com\/it\/cookie-policy\/\" \/>\n<meta property=\"og:site_name\" content=\"employax.com\" \/>\n<meta property=\"article:modified_time\" content=\"2025-11-21T09:27:18+00:00\" \/>\n<meta name=\"twitter:card\" content=\"summary_large_image\" \/>\n<meta name=\"twitter:label1\" content=\"Tempo di lettura stimato\" \/>\n\t<meta name=\"twitter:data1\" content=\"4 minuti\" \/>\n<script type=\"application\/ld+json\" class=\"yoast-schema-graph\">{\"@context\":\"https:\/\/schema.org\",\"@graph\":[{\"@type\":\"WebPage\",\"@id\":\"https:\/\/employax.com\/cookie-policy\/\",\"url\":\"https:\/\/employax.com\/cookie-policy\/\",\"name\":\"Cookie Policy - employax.com\",\"isPartOf\":{\"@id\":\"https:\/\/employax.com\/#website\"},\"datePublished\":\"2024-11-07T15:21:13+00:00\",\"dateModified\":\"2025-11-21T09:27:18+00:00\",\"breadcrumb\":{\"@id\":\"https:\/\/employax.com\/cookie-policy\/#breadcrumb\"},\"inLanguage\":\"it-IT\",\"potentialAction\":[{\"@type\":\"ReadAction\",\"target\":[\"https:\/\/employax.com\/cookie-policy\/\"]}]},{\"@type\":\"BreadcrumbList\",\"@id\":\"https:\/\/employax.com\/cookie-policy\/#breadcrumb\",\"itemListElement\":[{\"@type\":\"ListItem\",\"position\":1,\"name\":\"Home\",\"item\":\"https:\/\/employax.com\/\"},{\"@type\":\"ListItem\",\"position\":2,\"name\":\"Cookie Policy\"}]},{\"@type\":\"WebSite\",\"@id\":\"https:\/\/employax.com\/#website\",\"url\":\"https:\/\/employax.com\/\",\"name\":\"employax.com\",\"description\":\"\",\"publisher\":{\"@id\":\"https:\/\/employax.com\/#organization\"},\"potentialAction\":[{\"@type\":\"SearchAction\",\"target\":{\"@type\":\"EntryPoint\",\"urlTemplate\":\"https:\/\/employax.com\/?s={search_term_string}\"},\"query-input\":{\"@type\":\"PropertyValueSpecification\",\"valueRequired\":true,\"valueName\":\"search_term_string\"}}],\"inLanguage\":\"it-IT\"},{\"@type\":\"Organization\",\"@id\":\"https:\/\/employax.com\/#organization\",\"name\":\"employax.com\",\"url\":\"https:\/\/employax.com\/\",\"logo\":{\"@type\":\"ImageObject\",\"inLanguage\":\"it-IT\",\"@id\":\"https:\/\/employax.com\/#\/schema\/logo\/image\/\",\"url\":\"https:\/\/employax.com\/wp-content\/uploads\/2024\/11\/employaxlogo-black.svg\",\"contentUrl\":\"https:\/\/employax.com\/wp-content\/uploads\/2024\/11\/employaxlogo-black.svg\",\"width\":548,\"height\":102,\"caption\":\"employax.com\"},\"image\":{\"@id\":\"https:\/\/employax.com\/#\/schema\/logo\/image\/\"}}]}<\/script>\n<!-- \/ Yoast SEO plugin. -->","yoast_head_json":{"title":"Cookie Policy - employax.com","robots":{"index":"index","follow":"follow","max-snippet":"max-snippet:-1","max-image-preview":"max-image-preview:large","max-video-preview":"max-video-preview:-1"},"canonical":"https:\/\/employax.com\/it\/cookie-policy\/","og_locale":"it_IT","og_type":"article","og_title":"Cookie Policy - employax.com","og_description":"Introduction This Cookie Policy explains how TALENTCRAFTERS LIMITED, with its registered address at 2nd Floor College House, 17 King Edwards Road, Ruislip, London, United Kingdom, HA4 7AE and registered number 16005598 (referred to as \u201cwe,\u201d \u201cus,\u201d or \u201cour\u201d), uses cookies and similar technologies on our website. By continuing to use our site, you consent to [&hellip;]","og_url":"https:\/\/employax.com\/it\/cookie-policy\/","og_site_name":"employax.com","article_modified_time":"2025-11-21T09:27:18+00:00","twitter_card":"summary_large_image","twitter_misc":{"Tempo di lettura stimato":"4 minuti"},"schema":{"@context":"https:\/\/schema.org","@graph":[{"@type":"WebPage","@id":"https:\/\/employax.com\/cookie-policy\/","url":"https:\/\/employax.com\/cookie-policy\/","name":"Cookie Policy - employax.com","isPartOf":{"@id":"https:\/\/employax.com\/#website"},"datePublished":"2024-11-07T15:21:13+00:00","dateModified":"2025-11-21T09:27:18+00:00","breadcrumb":{"@id":"https:\/\/employax.com\/cookie-policy\/#breadcrumb"},"inLanguage":"it-IT","potentialAction":[{"@type":"ReadAction","target":["https:\/\/employax.com\/cookie-policy\/"]}]},{"@type":"BreadcrumbList","@id":"https:\/\/employax.com\/cookie-policy\/#breadcrumb","itemListElement":[{"@type":"ListItem","position":1,"name":"Home","item":"https:\/\/employax.com\/"},{"@type":"ListItem","position":2,"name":"Cookie Policy"}]},{"@type":"WebSite","@id":"https:\/\/employax.com\/#website","url":"https:\/\/employax.com\/","name":"employax.com","description":"","publisher":{"@id":"https:\/\/employax.com\/#organization"},"potentialAction":[{"@type":"SearchAction","target":{"@type":"EntryPoint","urlTemplate":"https:\/\/employax.com\/?s={search_term_string}"},"query-input":{"@type":"PropertyValueSpecification","valueRequired":true,"valueName":"search_term_string"}}],"inLanguage":"it-IT"},{"@type":"Organization","@id":"https:\/\/employax.com\/#organization","name":"employax.com","url":"https:\/\/employax.com\/","logo":{"@type":"ImageObject","inLanguage":"it-IT","@id":"https:\/\/employax.com\/#\/schema\/logo\/image\/","url":"https:\/\/employax.com\/wp-content\/uploads\/2024\/11\/employaxlogo-black.svg","contentUrl":"https:\/\/employax.com\/wp-content\/uploads\/2024\/11\/employaxlogo-black.svg","width":548,"height":102,"caption":"employax.com"},"image":{"@id":"https:\/\/employax.com\/#\/schema\/logo\/image\/"}}]}},"_links":{"self":[{"href":"https:\/\/employax.com\/it\/wp-json\/wp\/v2\/pages\/129"}],"collection":[{"href":"https:\/\/employax.com\/it\/wp-json\/wp\/v2\/pages"}],"about":[{"href":"https:\/\/employax.com\/it\/wp-json\/wp\/v2\/types\/page"}],"author":[{"embeddable":true,"href":"https:\/\/employax.com\/it\/wp-json\/wp\/v2\/users\/1"}],"replies":[{"embeddable":true,"href":"https:\/\/employax.com\/it\/wp-json\/wp\/v2\/comments?post=129"}],"version-history":[{"count":4,"href":"https:\/\/employax.com\/it\/wp-json\/wp\/v2\/pages\/129\/revisions"}],"predecessor-version":[{"id":242,"href":"https:\/\/employax.com\/it\/wp-json\/wp\/v2\/pages\/129\/revisions\/242"}],"wp:attachment":[{"href":"https:\/\/employax.com\/it\/wp-json\/wp\/v2\/media?parent=129"}],"curies":[{"name":"wp","href":"https:\/\/api.w.org\/{rel}","templated":true}]}}